{"id":363,"date":"2021-04-06T21:55:23","date_gmt":"2021-04-06T21:55:23","guid":{"rendered":"https:\/\/aromakrusevac.com\/?page_id=363"},"modified":"2025-08-08T07:52:45","modified_gmt":"2025-08-08T07:52:45","slug":"o-nama","status":"publish","type":"page","link":"https:\/\/aromakrusevac.com\/en\/o-nama\/","title":{"rendered":"About us"},"content":{"rendered":"<div data-elementor-type=\"wp-page\" data-elementor-id=\"363\" class=\"elementor elementor-363\" data-elementor-post-type=\"page\">\n\t\t\t\t\t\t<section class=\"elementor-section elementor-top-section elementor-element elementor-element-409375ff elementor-section-boxed elementor-section-height-default elementor-section-height-default\" data-id=\"409375ff\" data-element_type=\"section\" data-e-type=\"section\" data-settings=\"{&quot;background_background&quot;:&quot;classic&quot;}\">\n\t\t\t\t\t\t<div class=\"elementor-container elementor-column-gap-default\">\n\t\t\t\t\t<div class=\"elementor-column elementor-col-100 elementor-top-column elementor-element elementor-element-61b1ed15\" data-id=\"61b1ed15\" data-element_type=\"column\" data-e-type=\"column\">\n\t\t\t<div class=\"elementor-widget-wrap elementor-element-populated\">\n\t\t\t\t\t\t<div class=\"elementor-element elementor-element-54ca6684 elementor-widget elementor-widget-heading\" data-id=\"54ca6684\" data-element_type=\"widget\" data-e-type=\"widget\" data-widget_type=\"heading.default\">\n\t\t\t\t<div class=\"elementor-widget-container\">\n\t\t\t\t\t<h1 class=\"elementor-heading-title elementor-size-default\">About us<\/h1>\t\t\t\t<\/div>\n\t\t\t\t<\/div>\n\t\t\t\t\t<\/div>\n\t\t<\/div>\n\t\t\t\t\t<\/div>\n\t\t<\/section>\n\t\t\t\t<section class=\"elementor-section elementor-top-section elementor-element elementor-element-455b1a26 elementor-section-boxed elementor-section-height-default elementor-section-height-default\" data-id=\"455b1a26\" data-element_type=\"section\" data-e-type=\"section\">\n\t\t\t\t\t\t<div class=\"elementor-container elementor-column-gap-default\">\n\t\t\t\t\t<div class=\"elementor-column elementor-col-100 elementor-top-column elementor-element elementor-element-777387e0\" data-id=\"777387e0\" data-element_type=\"column\" data-e-type=\"column\">\n\t\t\t<div class=\"elementor-widget-wrap elementor-element-populated\">\n\t\t\t\t\t\t<section class=\"elementor-section elementor-inner-section elementor-element elementor-element-10424fd elementor-section-boxed elementor-section-height-default elementor-section-height-default\" data-id=\"10424fd\" data-element_type=\"section\" data-e-type=\"section\">\n\t\t\t\t\t\t<div class=\"elementor-container elementor-column-gap-default\">\n\t\t\t\t\t<div class=\"elementor-column elementor-col-50 elementor-inner-column elementor-element elementor-element-090c501\" data-id=\"090c501\" data-element_type=\"column\" data-e-type=\"column\">\n\t\t\t<div class=\"elementor-widget-wrap elementor-element-populated\">\n\t\t\t\t\t\t<div class=\"elementor-element elementor-element-b730f49 elementor-widget elementor-widget-text-editor\" data-id=\"b730f49\" data-element_type=\"widget\" data-e-type=\"widget\" data-widget_type=\"text-editor.default\">\n\t\t\t\t<div class=\"elementor-widget-container\">\n\t\t\t\t\t\t\t\t\t<p>Our family company was founded in 1990 after many years of experience of its founders Dini\u0107 Vasilije (1936-2007) and Dini\u0107 Ratomirka in managerial jobs in the chemical industry of the former Yugoslavia, as one of the first private companies at that time.<\/p><p>We are the first company in Serbia to start the production of fragrances for the needs of the cosmetic - soap and detergent industry, as well as the production of food flavors and colors for the needs of the food industry.<\/p><p>Since 2013, the company \"Aroma 1990\" singles out the establishment of the company D.O.O. \"Aroma Kru\u0161evac\" which continues the program of fragrances for the needs of the detergent-cosmetic industry and the program of food flavors and colors, while the company \"Aroma 1990\" focuses on the production of dessert toppings, hot chocolate, ketchup, instant coffee products, fillings for bakery and confectionery, food flavors and colors for home use.<\/p><p><\/p>\t\t\t\t\t\t\t\t<\/div>\n\t\t\t\t<\/div>\n\t\t\t\t\t<\/div>\n\t\t<\/div>\n\t\t\t\t<div class=\"elementor-column elementor-col-50 elementor-inner-column elementor-element elementor-element-aac38b6\" data-id=\"aac38b6\" data-element_type=\"column\" data-e-type=\"column\">\n\t\t\t<div class=\"elementor-widget-wrap elementor-element-populated\">\n\t\t\t\t\t\t<div class=\"elementor-element elementor-element-39d62e0 elementor-widget elementor-widget-video\" data-id=\"39d62e0\" data-element_type=\"widget\" data-e-type=\"widget\" data-settings=\"{&quot;youtube_url&quot;:&quot;https:\\\/\\\/youtu.be\\\/Ky7lQWUcs7Q&quot;,&quot;video_type&quot;:&quot;youtube&quot;,&quot;controls&quot;:&quot;yes&quot;}\" data-widget_type=\"video.default\">\n\t\t\t\t<div class=\"elementor-widget-container\">\n\t\t\t\t\t\t\t<div class=\"elementor-wrapper elementor-open-inline\">\n\t\t\t<div class=\"elementor-video\"><\/div>\t\t<\/div>\n\t\t\t\t\t\t<\/div>\n\t\t\t\t<\/div>\n\t\t\t\t\t<\/div>\n\t\t<\/div>\n\t\t\t\t\t<\/div>\n\t\t<\/section>\n\t\t\t\t<section class=\"elementor-section elementor-inner-section elementor-element elementor-element-dea358d elementor-reverse-tablet elementor-reverse-mobile elementor-section-boxed elementor-section-height-default elementor-section-height-default\" data-id=\"dea358d\" data-element_type=\"section\" data-e-type=\"section\" id=\"kvalitet\">\n\t\t\t\t\t\t<div class=\"elementor-container elementor-column-gap-default\">\n\t\t\t\t\t<div class=\"elementor-column elementor-col-50 elementor-inner-column elementor-element elementor-element-69efbae\" data-id=\"69efbae\" data-element_type=\"column\" data-e-type=\"column\">\n\t\t\t<div class=\"elementor-widget-wrap elementor-element-populated\">\n\t\t\t\t\t\t<div class=\"elementor-element elementor-element-2ec4b87 elementor-widget elementor-widget-image\" data-id=\"2ec4b87\" data-element_type=\"widget\" data-e-type=\"widget\" data-widget_type=\"image.default\">\n\t\t\t\t<div class=\"elementor-widget-container\">\n\t\t\t\t\t\t\t\t\t\t\t\t\t\t\t<img fetchpriority=\"high\" decoding=\"async\" width=\"725\" height=\"1024\" src=\"https:\/\/aromakrusevac.com\/wp-content\/uploads\/2021\/04\/ISO220002018-1-725x1024.jpg\" class=\"attachment-large size-large wp-image-382\" alt=\"\" srcset=\"https:\/\/aromakrusevac.com\/wp-content\/uploads\/2021\/04\/ISO220002018-1-725x1024.jpg 725w, https:\/\/aromakrusevac.com\/wp-content\/uploads\/2021\/04\/ISO220002018-1-212x300.jpg 212w, https:\/\/aromakrusevac.com\/wp-content\/uploads\/2021\/04\/ISO220002018-1-768x1085.jpg 768w, https:\/\/aromakrusevac.com\/wp-content\/uploads\/2021\/04\/ISO220002018-1-1087x1536.jpg 1087w, https:\/\/aromakrusevac.com\/wp-content\/uploads\/2021\/04\/ISO220002018-1-1450x2048.jpg 1450w, https:\/\/aromakrusevac.com\/wp-content\/uploads\/2021\/04\/ISO220002018-1.jpg 1656w\" sizes=\"(max-width: 725px) 100vw, 725px\" \/>\t\t\t\t\t\t\t\t\t\t\t\t\t\t\t<\/div>\n\t\t\t\t<\/div>\n\t\t\t\t\t<\/div>\n\t\t<\/div>\n\t\t\t\t<div class=\"elementor-column elementor-col-50 elementor-inner-column elementor-element elementor-element-563eec0\" data-id=\"563eec0\" data-element_type=\"column\" data-e-type=\"column\">\n\t\t\t<div class=\"elementor-widget-wrap elementor-element-populated\">\n\t\t\t\t\t\t<div class=\"elementor-element elementor-element-e780655 elementor-widget elementor-widget-text-editor\" data-id=\"e780655\" data-element_type=\"widget\" data-e-type=\"widget\" data-widget_type=\"text-editor.default\">\n\t\t\t\t<div class=\"elementor-widget-container\">\n\t\t\t\t\t\t\t\t\t<h2>Quality and safety<\/h2><p>In Aroma Kru\u0161evac, quality and safety are the foundations of our business. That is why we adhere to the highest world standards. ISO 22000 integrates not only HACCP and ISO 9001, but also deals with predictions and analysis of a large number of external factors and hazards that can not only jeopardize food safety, but can also negatively affect the production process, corporate finances and employees.<\/p><p>Quality control in Aroma Kru\u0161evac has a top priority from the raw materials to the final product. This is the reason why we can guarantee the quality of our products. We perform internal control in our functionally equipped laboratories, with constant control by external accredited laboratories according to current legal regulations.<\/p><p>Good manufacturing practice (GMP) is not just a regulation for us, but the primary principle that allows us to produce high quality products. Our customers can be asured that they will receive quality service from us.<\/p><p><\/p>\t\t\t\t\t\t\t\t<\/div>\n\t\t\t\t<\/div>\n\t\t\t\t\t<\/div>\n\t\t<\/div>\n\t\t\t\t\t<\/div>\n\t\t<\/section>\n\t\t\t\t<section class=\"elementor-section elementor-inner-section elementor-element elementor-element-f840de9 elementor-section-boxed elementor-section-height-default elementor-section-height-default\" data-id=\"f840de9\" data-element_type=\"section\" data-e-type=\"section\" id=\"bonitet\">\n\t\t\t\t\t\t<div class=\"elementor-container elementor-column-gap-default\">\n\t\t\t\t\t<div class=\"elementor-column elementor-col-50 elementor-inner-column elementor-element elementor-element-631a1a4\" data-id=\"631a1a4\" data-element_type=\"column\" data-e-type=\"column\">\n\t\t\t<div class=\"elementor-widget-wrap elementor-element-populated\">\n\t\t\t\t\t\t<div class=\"elementor-element elementor-element-c58a431 elementor-widget elementor-widget-text-editor\" data-id=\"c58a431\" data-element_type=\"widget\" data-e-type=\"widget\" data-widget_type=\"text-editor.default\">\n\t\t\t\t<div class=\"elementor-widget-container\">\n\t\t\t\t\t\t\t\t\t<h2>Gold credit excellence<\/h2><p>We know how important business security is to our partners. Gold credit excellence is proof of that, as an assessment by which credit rating agencies assess the company's creditworthiness over a long period of time based on various criteria - among other things, solvency, creditworthiness, indebtedness, profitability and other risk criteria for doing business with the company are an integral part. With that, our company is within the 1.5% most successful companies in Serbia.<br \/>A company that demonstrates golden credit excellence is the most reliable, credible and low-risk business entity for cooperation with all business partners: suppliers, customers, insurance companies, banks and other business partners.<\/p><p><\/p>\t\t\t\t\t\t\t\t<\/div>\n\t\t\t\t<\/div>\n\t\t\t\t\t<\/div>\n\t\t<\/div>\n\t\t\t\t<div class=\"elementor-column elementor-col-50 elementor-inner-column elementor-element elementor-element-a8e8ea6\" data-id=\"a8e8ea6\" data-element_type=\"column\" data-e-type=\"column\">\n\t\t\t<div class=\"elementor-widget-wrap elementor-element-populated\">\n\t\t\t\t\t\t<div class=\"elementor-element elementor-element-7d0d38b elementor-widget elementor-widget-image\" data-id=\"7d0d38b\" data-element_type=\"widget\" data-e-type=\"widget\" data-widget_type=\"image.default\">\n\t\t\t\t<div class=\"elementor-widget-container\">\n\t\t\t\t\t\t\t\t\t\t\t\t\t\t\t<img decoding=\"async\" width=\"289\" height=\"207\" src=\"https:\/\/aromakrusevac.com\/wp-content\/uploads\/2021\/04\/zlatna-izvrsnost.jpg\" class=\"attachment-large size-large wp-image-384\" alt=\"\" \/>\t\t\t\t\t\t\t\t\t\t\t\t\t\t\t<\/div>\n\t\t\t\t<\/div>\n\t\t\t\t\t<\/div>\n\t\t<\/div>\n\t\t\t\t\t<\/div>\n\t\t<\/section>\n\t\t\t\t<section class=\"elementor-section elementor-inner-section elementor-element elementor-element-f399a6a elementor-reverse-tablet elementor-reverse-mobile elementor-section-boxed elementor-section-height-default elementor-section-height-default\" data-id=\"f399a6a\" data-element_type=\"section\" data-e-type=\"section\" id=\"odgovornost\">\n\t\t\t\t\t\t<div class=\"elementor-container elementor-column-gap-default\">\n\t\t\t\t\t<div class=\"elementor-column elementor-col-50 elementor-inner-column elementor-element elementor-element-9596c51\" data-id=\"9596c51\" data-element_type=\"column\" data-e-type=\"column\">\n\t\t\t<div class=\"elementor-widget-wrap elementor-element-populated\">\n\t\t\t\t\t\t<div class=\"elementor-element elementor-element-f509ffd elementor-widget elementor-widget-image\" data-id=\"f509ffd\" data-element_type=\"widget\" data-e-type=\"widget\" data-widget_type=\"image.default\">\n\t\t\t\t<div class=\"elementor-widget-container\">\n\t\t\t\t\t\t\t\t\t\t\t\t\t\t\t<img decoding=\"async\" width=\"800\" height=\"800\" src=\"https:\/\/aromakrusevac.com\/wp-content\/uploads\/2021\/04\/evo-vadis-medalja-1024x1024.jpg\" class=\"attachment-large size-large wp-image-422\" alt=\"\" srcset=\"https:\/\/aromakrusevac.com\/wp-content\/uploads\/2021\/04\/evo-vadis-medalja-1024x1024.jpg 1024w, https:\/\/aromakrusevac.com\/wp-content\/uploads\/2021\/04\/evo-vadis-medalja-300x300.jpg 300w, https:\/\/aromakrusevac.com\/wp-content\/uploads\/2021\/04\/evo-vadis-medalja-150x150.jpg 150w, https:\/\/aromakrusevac.com\/wp-content\/uploads\/2021\/04\/evo-vadis-medalja-768x768.jpg 768w, https:\/\/aromakrusevac.com\/wp-content\/uploads\/2021\/04\/evo-vadis-medalja-1536x1536.jpg 1536w, https:\/\/aromakrusevac.com\/wp-content\/uploads\/2021\/04\/evo-vadis-medalja.jpg 1667w\" sizes=\"(max-width: 800px) 100vw, 800px\" \/>\t\t\t\t\t\t\t\t\t\t\t\t\t\t\t<\/div>\n\t\t\t\t<\/div>\n\t\t\t\t\t<\/div>\n\t\t<\/div>\n\t\t\t\t<div class=\"elementor-column elementor-col-50 elementor-inner-column elementor-element elementor-element-9545bed\" data-id=\"9545bed\" data-element_type=\"column\" data-e-type=\"column\">\n\t\t\t<div class=\"elementor-widget-wrap elementor-element-populated\">\n\t\t\t\t\t\t<div class=\"elementor-element elementor-element-eacbd7f elementor-widget elementor-widget-text-editor\" data-id=\"eacbd7f\" data-element_type=\"widget\" data-e-type=\"widget\" data-widget_type=\"text-editor.default\">\n\t\t\t\t<div class=\"elementor-widget-container\">\n\t\t\t\t\t\t\t\t\t<h2>Social and environmental responsibility<\/h2><p>Our workers represent the biggest drivers of our company. They represent the basis of the driving vision and the foundations of the company, without which our current market position and future development would not be possible. That is why it is important for us to enable them to work and develop in a healthy and safe work environment.<br \/>What our company is extremely concerned about is our impact on nature and sustainable development. We believe that one of the primary goals of every modern company must be to minimize its impact on the environment.<br \/>We are proud to be able to prove these two principles with a bronze EcoVadis medal. EcoVadis covers a wide range of non-financial issues, including environmental impacts, labor and human rights, ethics and sustainable procurement, which is particularly important to us and our partners. In addition, Aroma Kru\u0161evac helps organizations, sports associations and writers in our area.<\/p><p><\/p>\t\t\t\t\t\t\t\t<\/div>\n\t\t\t\t<\/div>\n\t\t\t\t\t<\/div>\n\t\t<\/div>\n\t\t\t\t\t<\/div>\n\t\t<\/section>\n\t\t\t\t<section class=\"elementor-section elementor-inner-section elementor-element elementor-element-c598406 elementor-section-boxed elementor-section-height-default elementor-section-height-default\" data-id=\"c598406\" data-element_type=\"section\" data-e-type=\"section\">\n\t\t\t\t\t\t<div class=\"elementor-container elementor-column-gap-default\">\n\t\t\t\t\t<div class=\"elementor-column elementor-col-100 elementor-inner-column elementor-element elementor-element-db7363e\" data-id=\"db7363e\" data-element_type=\"column\" data-e-type=\"column\">\n\t\t\t<div class=\"elementor-widget-wrap elementor-element-populated\">\n\t\t\t\t\t\t<div class=\"elementor-element elementor-element-5633422 elementor-widget elementor-widget-heading\" data-id=\"5633422\" data-element_type=\"widget\" data-e-type=\"widget\" data-widget_type=\"heading.default\">\n\t\t\t\t<div class=\"elementor-widget-container\">\n\t\t\t\t\t<h3 class=\"elementor-heading-title elementor-size-default\">Company Aroma Kru\u0161evac<\/h3>\t\t\t\t<\/div>\n\t\t\t\t<\/div>\n\t\t\t\t<div class=\"elementor-element elementor-element-262f753 elementor-widget elementor-widget-video\" data-id=\"262f753\" data-element_type=\"widget\" data-e-type=\"widget\" data-settings=\"{&quot;video_type&quot;:&quot;hosted&quot;,&quot;controls&quot;:&quot;yes&quot;}\" data-widget_type=\"video.default\">\n\t\t\t\t<div class=\"elementor-widget-container\">\n\t\t\t\t\t\t\t<div class=\"e-hosted-video elementor-wrapper elementor-open-inline\">\n\t\t\t\t\t<video class=\"elementor-video\" src=\"http:\/\/www.aroma1990.co.rs\/wp-content\/uploads\/2018\/10\/Dron.webm\" controls=\"\" preload=\"metadata\" controlslist=\"nodownload\"><\/video>\n\t\t\t\t<\/div>\n\t\t\t\t\t\t<\/div>\n\t\t\t\t<\/div>\n\t\t\t\t\t<\/div>\n\t\t<\/div>\n\t\t\t\t\t<\/div>\n\t\t<\/section>\n\t\t\t\t\t<\/div>\n\t\t<\/div>\n\t\t\t\t\t<\/div>\n\t\t<\/section>\n\t\t\t\t<\/div>","protected":false},"excerpt":{"rendered":"<p>O nama Na\u0161a\u00a0 porodi\u010dna firma osnovana je 1990. godine nakon dugogodi\u0161njeg iskustva njenih utemeljiva\u010da Dini\u0107 Vasilija (1936-2007) i Dini\u0107 Ratomirke u rukovode\u0107im poslovima u hemijskoj industriji biv\u0161e Jugoslavije, kao jedna od prvih privatnih firmi u to vreme. Mi smo prva firma u Srbiji koja je pokrenula proizvodnju mirisa za potrebe kozmeti\u010dko \u2013 sapunske i deterd\u017eentske [&hellip;]<\/p>","protected":false},"author":1,"featured_media":0,"parent":0,"menu_order":0,"comment_status":"closed","ping_status":"closed","template":"elementor_header_footer","meta":{"footnotes":""},"class_list":["post-363","page","type-page","status-publish","hentry"],"yoast_head":"<!-- This site is optimized with the Yoast SEO plugin v27.6 - https:\/\/yoast.com\/product\/yoast-seo-wordpress\/ -->\n<title>O nama - Aroma Krusevac<\/title>\n<meta name=\"description\" content=\"Na\u0161a porodi\u010dna firma osnovana je 1990. godine nakon dugogodi\u0161njeg iskustva njenih utemeljiva\u010da Dini\u0107 Vasilija (1936-2007) i Dini\u0107 Ratomirke...\" \/>\n<meta name=\"robots\" content=\"index, follow, max-snippet:-1, max-image-preview:large, max-video-preview:-1\" \/>\n<link rel=\"canonical\" href=\"https:\/\/aromakrusevac.com\/en\/o-nama\/\" \/>\n<meta property=\"og:locale\" content=\"en_US\" \/>\n<meta property=\"og:type\" content=\"article\" \/>\n<meta property=\"og:title\" content=\"O nama - Aroma Krusevac\" \/>\n<meta property=\"og:description\" content=\"Na\u0161a porodi\u010dna firma osnovana je 1990. godine nakon dugogodi\u0161njeg iskustva njenih utemeljiva\u010da Dini\u0107 Vasilija (1936-2007) i Dini\u0107 Ratomirke...\" \/>\n<meta property=\"og:url\" content=\"https:\/\/aromakrusevac.com\/en\/o-nama\/\" \/>\n<meta property=\"og:site_name\" content=\"Aroma Krusevac\" \/>\n<meta property=\"article:modified_time\" content=\"2025-08-08T07:52:45+00:00\" \/>\n<meta property=\"og:image\" content=\"https:\/\/aromakrusevac.com\/wp-content\/uploads\/2021\/04\/ISO220002018-1-725x1024.jpg\" \/>\n<meta name=\"twitter:card\" content=\"summary_large_image\" \/>\n<meta name=\"twitter:label1\" content=\"Est. reading time\" \/>\n\t<meta name=\"twitter:data1\" content=\"4 minutes\" \/>\n<script type=\"application\/ld+json\" class=\"yoast-schema-graph\">{\"@context\":\"https:\\\/\\\/schema.org\",\"@graph\":[{\"@type\":\"WebPage\",\"@id\":\"https:\\\/\\\/aromakrusevac.com\\\/o-nama\\\/\",\"url\":\"https:\\\/\\\/aromakrusevac.com\\\/o-nama\\\/\",\"name\":\"O nama - Aroma Krusevac\",\"isPartOf\":{\"@id\":\"https:\\\/\\\/aromakrusevac.com\\\/#website\"},\"primaryImageOfPage\":{\"@id\":\"https:\\\/\\\/aromakrusevac.com\\\/o-nama\\\/#primaryimage\"},\"image\":{\"@id\":\"https:\\\/\\\/aromakrusevac.com\\\/o-nama\\\/#primaryimage\"},\"thumbnailUrl\":\"https:\\\/\\\/aromakrusevac.com\\\/wp-content\\\/uploads\\\/2021\\\/04\\\/ISO220002018-1-725x1024.jpg\",\"datePublished\":\"2021-04-06T21:55:23+00:00\",\"dateModified\":\"2025-08-08T07:52:45+00:00\",\"description\":\"Na\u0161a porodi\u010dna firma osnovana je 1990. godine nakon dugogodi\u0161njeg iskustva njenih utemeljiva\u010da Dini\u0107 Vasilija (1936-2007) i Dini\u0107 Ratomirke...\",\"breadcrumb\":{\"@id\":\"https:\\\/\\\/aromakrusevac.com\\\/o-nama\\\/#breadcrumb\"},\"inLanguage\":\"en-US\",\"potentialAction\":[{\"@type\":\"ReadAction\",\"target\":[\"https:\\\/\\\/aromakrusevac.com\\\/o-nama\\\/\"]}]},{\"@type\":\"ImageObject\",\"inLanguage\":\"en-US\",\"@id\":\"https:\\\/\\\/aromakrusevac.com\\\/o-nama\\\/#primaryimage\",\"url\":\"https:\\\/\\\/aromakrusevac.com\\\/wp-content\\\/uploads\\\/2021\\\/04\\\/ISO220002018-1-725x1024.jpg\",\"contentUrl\":\"https:\\\/\\\/aromakrusevac.com\\\/wp-content\\\/uploads\\\/2021\\\/04\\\/ISO220002018-1-725x1024.jpg\"},{\"@type\":\"BreadcrumbList\",\"@id\":\"https:\\\/\\\/aromakrusevac.com\\\/o-nama\\\/#breadcrumb\",\"itemListElement\":[{\"@type\":\"ListItem\",\"position\":1,\"name\":\"Home\",\"item\":\"https:\\\/\\\/aromakrusevac.com\\\/\"},{\"@type\":\"ListItem\",\"position\":2,\"name\":\"O nama\"}]},{\"@type\":\"WebSite\",\"@id\":\"https:\\\/\\\/aromakrusevac.com\\\/#website\",\"url\":\"https:\\\/\\\/aromakrusevac.com\\\/\",\"name\":\"Aroma Krusevac\",\"description\":\"Mirisi\",\"publisher\":{\"@id\":\"https:\\\/\\\/aromakrusevac.com\\\/#organization\"},\"potentialAction\":[{\"@type\":\"SearchAction\",\"target\":{\"@type\":\"EntryPoint\",\"urlTemplate\":\"https:\\\/\\\/aromakrusevac.com\\\/?s={search_term_string}\"},\"query-input\":{\"@type\":\"PropertyValueSpecification\",\"valueRequired\":true,\"valueName\":\"search_term_string\"}}],\"inLanguage\":\"en-US\"},{\"@type\":\"Organization\",\"@id\":\"https:\\\/\\\/aromakrusevac.com\\\/#organization\",\"name\":\"Aroma Kru\u0161evac\",\"url\":\"https:\\\/\\\/aromakrusevac.com\\\/\",\"logo\":{\"@type\":\"ImageObject\",\"inLanguage\":\"en-US\",\"@id\":\"https:\\\/\\\/aromakrusevac.com\\\/#\\\/schema\\\/logo\\\/image\\\/\",\"url\":\"https:\\\/\\\/aromakrusevac.com\\\/wp-content\\\/uploads\\\/2021\\\/03\\\/logo-removebg-preview.png\",\"contentUrl\":\"https:\\\/\\\/aromakrusevac.com\\\/wp-content\\\/uploads\\\/2021\\\/03\\\/logo-removebg-preview.png\",\"width\":340,\"height\":72,\"caption\":\"Aroma Kru\u0161evac\"},\"image\":{\"@id\":\"https:\\\/\\\/aromakrusevac.com\\\/#\\\/schema\\\/logo\\\/image\\\/\"}}]}<\/script>\n<!-- \/ Yoast SEO plugin. -->","yoast_head_json":{"title":"O nama - Aroma Krusevac","description":"Na\u0161a porodi\u010dna firma osnovana je 1990. godine nakon dugogodi\u0161njeg iskustva njenih utemeljiva\u010da Dini\u0107 Vasilija (1936-2007) i Dini\u0107 Ratomirke...","robots":{"index":"index","follow":"follow","max-snippet":"max-snippet:-1","max-image-preview":"max-image-preview:large","max-video-preview":"max-video-preview:-1"},"canonical":"https:\/\/aromakrusevac.com\/en\/o-nama\/","og_locale":"en_US","og_type":"article","og_title":"O nama - Aroma Krusevac","og_description":"Na\u0161a porodi\u010dna firma osnovana je 1990. godine nakon dugogodi\u0161njeg iskustva njenih utemeljiva\u010da Dini\u0107 Vasilija (1936-2007) i Dini\u0107 Ratomirke...","og_url":"https:\/\/aromakrusevac.com\/en\/o-nama\/","og_site_name":"Aroma Krusevac","article_modified_time":"2025-08-08T07:52:45+00:00","og_image":[{"url":"https:\/\/aromakrusevac.com\/wp-content\/uploads\/2021\/04\/ISO220002018-1-725x1024.jpg","type":"","width":"","height":""}],"twitter_card":"summary_large_image","twitter_misc":{"Est. reading time":"4 minutes"},"schema":{"@context":"https:\/\/schema.org","@graph":[{"@type":"WebPage","@id":"https:\/\/aromakrusevac.com\/o-nama\/","url":"https:\/\/aromakrusevac.com\/o-nama\/","name":"O nama - Aroma Krusevac","isPartOf":{"@id":"https:\/\/aromakrusevac.com\/#website"},"primaryImageOfPage":{"@id":"https:\/\/aromakrusevac.com\/o-nama\/#primaryimage"},"image":{"@id":"https:\/\/aromakrusevac.com\/o-nama\/#primaryimage"},"thumbnailUrl":"https:\/\/aromakrusevac.com\/wp-content\/uploads\/2021\/04\/ISO220002018-1-725x1024.jpg","datePublished":"2021-04-06T21:55:23+00:00","dateModified":"2025-08-08T07:52:45+00:00","description":"Na\u0161a porodi\u010dna firma osnovana je 1990. godine nakon dugogodi\u0161njeg iskustva njenih utemeljiva\u010da Dini\u0107 Vasilija (1936-2007) i Dini\u0107 Ratomirke...","breadcrumb":{"@id":"https:\/\/aromakrusevac.com\/o-nama\/#breadcrumb"},"inLanguage":"en-US","potentialAction":[{"@type":"ReadAction","target":["https:\/\/aromakrusevac.com\/o-nama\/"]}]},{"@type":"ImageObject","inLanguage":"en-US","@id":"https:\/\/aromakrusevac.com\/o-nama\/#primaryimage","url":"https:\/\/aromakrusevac.com\/wp-content\/uploads\/2021\/04\/ISO220002018-1-725x1024.jpg","contentUrl":"https:\/\/aromakrusevac.com\/wp-content\/uploads\/2021\/04\/ISO220002018-1-725x1024.jpg"},{"@type":"BreadcrumbList","@id":"https:\/\/aromakrusevac.com\/o-nama\/#breadcrumb","itemListElement":[{"@type":"ListItem","position":1,"name":"Home","item":"https:\/\/aromakrusevac.com\/"},{"@type":"ListItem","position":2,"name":"O nama"}]},{"@type":"WebSite","@id":"https:\/\/aromakrusevac.com\/#website","url":"https:\/\/aromakrusevac.com\/","name":"Aroma Krusevac","description":"Fragrances","publisher":{"@id":"https:\/\/aromakrusevac.com\/#organization"},"potentialAction":[{"@type":"SearchAction","target":{"@type":"EntryPoint","urlTemplate":"https:\/\/aromakrusevac.com\/?s={search_term_string}"},"query-input":{"@type":"PropertyValueSpecification","valueRequired":true,"valueName":"search_term_string"}}],"inLanguage":"en-US"},{"@type":"Organization","@id":"https:\/\/aromakrusevac.com\/#organization","name":"Aroma Kru\u0161evac","url":"https:\/\/aromakrusevac.com\/","logo":{"@type":"ImageObject","inLanguage":"en-US","@id":"https:\/\/aromakrusevac.com\/#\/schema\/logo\/image\/","url":"https:\/\/aromakrusevac.com\/wp-content\/uploads\/2021\/03\/logo-removebg-preview.png","contentUrl":"https:\/\/aromakrusevac.com\/wp-content\/uploads\/2021\/03\/logo-removebg-preview.png","width":340,"height":72,"caption":"Aroma Kru\u0161evac"},"image":{"@id":"https:\/\/aromakrusevac.com\/#\/schema\/logo\/image\/"}}]}},"_links":{"self":[{"href":"https:\/\/aromakrusevac.com\/en\/wp-json\/wp\/v2\/pages\/363","targetHints":{"allow":["GET"]}}],"collection":[{"href":"https:\/\/aromakrusevac.com\/en\/wp-json\/wp\/v2\/pages"}],"about":[{"href":"https:\/\/aromakrusevac.com\/en\/wp-json\/wp\/v2\/types\/page"}],"author":[{"embeddable":true,"href":"https:\/\/aromakrusevac.com\/en\/wp-json\/wp\/v2\/users\/1"}],"replies":[{"embeddable":true,"href":"https:\/\/aromakrusevac.com\/en\/wp-json\/wp\/v2\/comments?post=363"}],"version-history":[{"count":0,"href":"https:\/\/aromakrusevac.com\/en\/wp-json\/wp\/v2\/pages\/363\/revisions"}],"wp:attachment":[{"href":"https:\/\/aromakrusevac.com\/en\/wp-json\/wp\/v2\/media?parent=363"}],"curies":[{"name":"wp","href":"https:\/\/api.w.org\/{rel}","templated":true}]}}